{"id":7930,"date":"2021-04-16T09:24:17","date_gmt":"2021-04-16T06:24:17","guid":{"rendered":"http:\/\/netfikirhost.com\/website\/burmas\/?page_id=7930"},"modified":"2021-04-23T10:00:34","modified_gmt":"2021-04-23T07:00:34","slug":"contact","status":"publish","type":"page","link":"https:\/\/burmas.com.tr\/en\/contact\/","title":{"rendered":"Contact"},"content":{"rendered":"<div data-vc-full-width=\"true\" data-vc-full-width-init=\"false\" data-vc-stretch-content=\"true\" class=\"vc_row wpb_row row vc_custom_1605209788591 vc_row-has-fill vc_row-no-padding\"><div class=\"vc_column_container col-md-12\"><div class=\"wpb_wrapper vc_column-inner\"><div class=\"wpb_gmaps_widget wpb_content_element\"><div class=\"wpb_wrapper\"><div class=\"wpb_map_wraper\"><iframe src=\"https:\/\/www.google.com\/maps\/embed?pb=!1m17!1m8!1m3!1d24965658.8257216!2d29.165268!3d40.196476!3m2!1i1024!2i768!4f13.1!4m6!3e6!4m0!4m3!3m2!1d40.196476!2d29.165267999999998!5e0!3m2!1str!2str!4v1605268393571!5m2!1str!2str\" width=\"600\" height=\"450\" frameborder=\"0\" style=\"border:0;\" allowfullscreen=\"\" aria-hidden=\"false\" tabindex=\"0\"><\/iframe><\/div><\/div><\/div><\/div><\/div><\/div><div class=\"vc_row-full-width vc_clearfix\"><\/div><div class=\"vc_row wpb_row m-b-xl vc_custom_1605209799048 vc_row-has-fill porto-inner-container\"><div class=\"porto-wrap-container container\"><div class=\"row\"><div class=\"vc_column_container col-md-4\"><div class=\"wpb_wrapper vc_column-inner\">\r\n\t<div class=\"wpb_single_image wpb_content_element vc_align_center\">\r\n\t\t<div class=\"wpb_wrapper\">\r\n\t\t\t\r\n\t\t\t<div class=\"vc_single_image-wrapper   vc_box_border_grey\"><img width=\"254\" height=\"558\" src=\"https:\/\/burmas.com.tr\/wp-content\/uploads\/2020\/11\/randevu.jpg\" class=\"vc_single_image-img attachment-full\" alt=\"\" loading=\"lazy\" \/><\/div>\r\n\t\t<\/div>\r\n\t<\/div>\r\n<\/div><\/div><div class=\"vc_column_container col-md-4\"><div class=\"wpb_wrapper vc_column-inner\"><h4 style=\"color: #db6036;text-align: center\" class=\"vc_custom_heading m-t heading-primary\"><strong>BURMAS CONSTRUCTION MATERIALS WHOLESALE DISTRIBUTION MARKETING<\/strong><\/h4>\r\n\t<div class=\"wpb_text_column wpb_content_element\" >\r\n\t\t<div class=\"wpb_wrapper\">\r\n\t\t\t<p>If you want to convey your wishes, suggestions and complaints, please fill in the contact form below or call from the contact numbers below,<\/p>\n<p>(8:30 am to 5:30 pm all week) and from the email addresses provided.<\/p>\n\r\n\t\t<\/div>\r\n\t<\/div>\r\n<div class=\"porto-separator\"><hr class=\"separator-line  align_center\"><\/div><h4 style=\"color: #000000\" class=\"vc_custom_heading align-left heading-primary\"><strong>Head Office<\/strong><\/h4><div class=\"porto-sicon-box style_1 default-icon\"><div class=\"porto-sicon-default\"><div id=\"porto-icon-77822502069d0ec1601330\" class=\"porto-just-icon-wrapper\" style=\"text-align:center;\"><div class=\"porto-icon circle\" style=\"color:#ffffff;background:#3b3b3b;font-size:14px;display:inline-block;\"><i class=\"fas fa-map-marker-alt\"><\/i><\/div><\/div><\/div><div class=\"porto-sicon-header\" ><h3 class=\"porto-sicon-title\" style=\"font-size:14px;color:#777777;\"><strong>Address:<\/strong> \u015eirinevler Mh. Ankara Cd. No:743 Y\u0131ld\u0131r\u0131m\/BURSA TURKEY<\/h3><\/div> <!-- header --><\/div><!-- porto-sicon-box --><div class=\"porto-sicon-box style_1 default-icon\"><div class=\"porto-sicon-default\"><div id=\"porto-icon-88997091269d0ec1601608\" class=\"porto-just-icon-wrapper\" style=\"text-align:center;\"><div class=\"porto-icon circle\" style=\"color:#ffffff;background:#3b3b3b;font-size:14px;display:inline-block;\"><i class=\"fas fa-phone-square\"><\/i><\/div><\/div><\/div><div class=\"porto-sicon-header\" ><h3 class=\"porto-sicon-title\" style=\"font-size:14px;color:#777777;\"><strong>Phone:<\/strong>+90 224 341 33 16<\/h3><\/div> <!-- header --><\/div><!-- porto-sicon-box --><div class=\"porto-sicon-box style_1 default-icon\"><div class=\"porto-sicon-default\"><div id=\"porto-icon-52111220169d0ec160186b\" class=\"porto-just-icon-wrapper\" style=\"text-align:center;\"><div class=\"porto-icon circle\" style=\"color:#ffffff;background:#3b3b3b;font-size:14px;display:inline-block;\"><i class=\"fas fa-phone-square\"><\/i><\/div><\/div><\/div><div class=\"porto-sicon-header\" ><h3 class=\"porto-sicon-title\" style=\"font-size:14px;color:#777777;\"><strong>Fax:<\/strong>+90 224 341 33 49<\/h3><\/div> <!-- header --><\/div><!-- porto-sicon-box --><div class=\"porto-sicon-box style_1 default-icon\"><div class=\"porto-sicon-default\"><div id=\"porto-icon-38202923269d0ec1601ab9\" class=\"porto-just-icon-wrapper\" style=\"text-align:center;\"><div class=\"porto-icon circle\" style=\"color:#ffffff;background:#3b3b3b;font-size:14px;display:inline-block;\"><i class=\"fas fa-envelope\"><\/i><\/div><\/div><\/div><div class=\"porto-sicon-header\" ><h3 class=\"porto-sicon-title\" style=\"font-size:14px;color:#777777;\"><strong>E-Mail:<\/strong>export@burmas.com.tr<\/h3><\/div> <!-- header --><\/div><!-- porto-sicon-box --><h4 style=\"color: #000000\" class=\"vc_custom_heading align-left heading-primary\"><strong>Showroom<br \/>\n<\/strong><\/h4><div class=\"porto-sicon-box style_1 default-icon\"><div class=\"porto-sicon-default\"><div id=\"porto-icon-179124991069d0ec1601e76\" class=\"porto-just-icon-wrapper\" style=\"text-align:center;\"><div class=\"porto-icon circle\" style=\"color:#ffffff;background:#3b3b3b;font-size:14px;display:inline-block;\"><i class=\"fas fa-map-marker-alt\"><\/i><\/div><\/div><\/div><div class=\"porto-sicon-header\" ><h3 class=\"porto-sicon-title\" style=\"font-size:14px;color:#777777;\"><strong>Address:<\/strong> Ahmet Yesevi Mh. Sanayi Cd: 563\/C - 563\/D Nil\u00fcfer\/BURSA TURKEY<\/h3><\/div> <!-- header --><\/div><!-- porto-sicon-box --><\/div><\/div><div class=\"vc_column_container col-md-4\"><div class=\"wpb_wrapper vc_column-inner\"><h3  class=\"vc_custom_heading align-left\">Contact Form<\/h3><div role=\"form\" class=\"wpcf7\" id=\"wpcf7-f7935-o1\" lang=\"tr-TR\" dir=\"ltr\">\n<div class=\"screen-reader-response\"><p role=\"status\" aria-live=\"polite\" aria-atomic=\"true\"><\/p> <ul><\/ul><\/div>\n<form action=\"\/en\/wp-json\/wp\/v2\/pages\/7930#wpcf7-f7935-o1\" method=\"post\" class=\"wpcf7-form init\" novalidate=\"novalidate\" data-status=\"init\" data-trp-original-action=\"\/en\/wp-json\/wp\/v2\/pages\/7930#wpcf7-f7935-o1\">\n<div style=\"display: none;\">\n<input type=\"hidden\" name=\"_wpcf7\" value=\"7935\" \/>\n<input type=\"hidden\" name=\"_wpcf7_version\" value=\"5.5.6.1\" \/>\n<input type=\"hidden\" name=\"_wpcf7_locale\" value=\"tr_TR\" \/>\n<input type=\"hidden\" name=\"_wpcf7_unit_tag\" value=\"wpcf7-f7935-o1\" \/>\n<input type=\"hidden\" name=\"_wpcf7_container_post\" value=\"0\" \/>\n<input type=\"hidden\" name=\"_wpcf7_posted_data_hash\" value=\"\" \/>\n<\/div>\n<p><label> Name Surname<br \/>\n    <span class=\"wpcf7-form-control-wrap your-name\"><input type=\"text\" name=\"your-name\" value=\"\" size=\"40\" class=\"wpcf7-form-control wpcf7-text wpcf7-validates-as-required\" aria-required=\"true\" aria-invalid=\"false\" \/><\/span> <\/label><\/p>\n<p><label> E-Mail<br \/>\n    <span class=\"wpcf7-form-control-wrap your-email\"><input type=\"email\" name=\"your-email\" value=\"\" size=\"40\" class=\"wpcf7-form-control wpcf7-text wpcf7-email wpcf7-validates-as-required wpcf7-validates-as-email\" aria-required=\"true\" aria-invalid=\"false\" \/><\/span> <\/label><\/p>\n<p><label> Subject<br \/>\n    <span class=\"wpcf7-form-control-wrap your-subject\"><input type=\"text\" name=\"your-subject\" value=\"\" size=\"40\" class=\"wpcf7-form-control wpcf7-text wpcf7-validates-as-required\" aria-required=\"true\" aria-invalid=\"false\" \/><\/span> <\/label><\/p>\n<p><label> Message<br \/>\n    <span class=\"wpcf7-form-control-wrap your-message\"><textarea name=\"your-message\" cols=\"40\" rows=\"10\" class=\"wpcf7-form-control wpcf7-textarea\" aria-invalid=\"false\"><\/textarea><\/span> <\/label><\/p>\n<p><input type=\"submit\" value=\"Submit\" class=\"wpcf7-form-control has-spinner wpcf7-submit\" \/><\/p>\n<div class=\"wpcf7-response-output\" aria-hidden=\"true\"><\/div><input type=\"hidden\" name=\"trp-form-language\" value=\"en\"\/><\/form><\/div><\/div><\/div><\/div><\/div><\/div>","protected":false},"excerpt":{"rendered":"BURMAS CONSTRUCTION MATERIALS WHOLESALE DISTRIBUTION MARKETING If you want to convey your wishes, suggestions and complaints, please fill in the contact form below or call from the contact numbers below, (8:30 am to 5:30 pm all week) and from the email addresses provided. Head OfficeAddress: \u015eirinevler Mh. Ankara Cd. No:743 Y\u0131ld\u0131r\u0131m\/BURSA TURKEY Phone:+90 224 341 [...]","protected":false},"author":2,"featured_media":0,"parent":0,"menu_order":10,"comment_status":"closed","ping_status":"closed","template":"","meta":[],"yoast_head":"<!-- This site is optimized with the Yoast SEO Premium plugin v16.5 (Yoast SEO v19.4) - https:\/\/yoast.com\/wordpress\/plugins\/seo\/ -->\n<title>Contact - Burmas Construction Materials<\/title>\n<meta name=\"robots\" content=\"index, follow, max-snippet:-1, max-image-preview:large, max-video-preview:-1\" \/>\n<link rel=\"canonical\" href=\"https:\/\/burmas.com.tr\/en\/contact\/\" \/>\n<meta property=\"og:locale\" content=\"en_US\" \/>\n<meta property=\"og:type\" content=\"article\" \/>\n<meta property=\"og:title\" content=\"Contact\" \/>\n<meta property=\"og:url\" content=\"https:\/\/burmas.com.tr\/en\/contact\/\" \/>\n<meta property=\"og:site_name\" content=\"Burmas Construction Materials\" \/>\n<meta property=\"article:modified_time\" content=\"2021-04-23T07:00:34+00:00\" \/>\n<meta property=\"og:image\" content=\"https:\/\/burmas.com.tr\/wp-content\/uploads\/2020\/11\/logo-1.png\" \/>\n\t<meta property=\"og:image:width\" content=\"1712\" \/>\n\t<meta property=\"og:image:height\" content=\"1150\" \/>\n\t<meta property=\"og:image:type\" content=\"image\/png\" \/>\n<meta name=\"twitter:card\" content=\"summary_large_image\" \/>\n<meta name=\"twitter:label1\" content=\"Est. reading time\" \/>\n\t<meta name=\"twitter:data1\" content=\"2 minutes\" \/>\n<script type=\"application\/ld+json\" class=\"yoast-schema-graph\">{\"@context\":\"https:\/\/schema.org\",\"@graph\":[{\"@type\":\"Organization\",\"@id\":\"https:\/\/burmas.com.tr\/tr\/anasayfa\/#organization\",\"name\":\"Burmas Construction Materials\",\"url\":\"https:\/\/burmas.com.tr\/tr\/anasayfa\/\",\"sameAs\":[],\"logo\":{\"@type\":\"ImageObject\",\"inLanguage\":\"en-US\",\"@id\":\"https:\/\/burmas.com.tr\/tr\/anasayfa\/#\/schema\/logo\/image\/\",\"url\":\"https:\/\/burmas.com.tr\/wp-content\/uploads\/2020\/11\/logo-1.png\",\"contentUrl\":\"https:\/\/burmas.com.tr\/wp-content\/uploads\/2020\/11\/logo-1.png\",\"width\":1712,\"height\":1150,\"caption\":\"Burmas Construction Materials\"},\"image\":{\"@id\":\"https:\/\/burmas.com.tr\/tr\/anasayfa\/#\/schema\/logo\/image\/\"}},{\"@type\":\"WebSite\",\"@id\":\"https:\/\/burmas.com.tr\/tr\/anasayfa\/#website\",\"url\":\"https:\/\/burmas.com.tr\/tr\/anasayfa\/\",\"name\":\"Burmas Construction Materials\",\"description\":\"\",\"publisher\":{\"@id\":\"https:\/\/burmas.com.tr\/tr\/anasayfa\/#organization\"},\"potentialAction\":[{\"@type\":\"SearchAction\",\"target\":{\"@type\":\"EntryPoint\",\"urlTemplate\":\"https:\/\/burmas.com.tr\/tr\/anasayfa\/?s={search_term_string}\"},\"query-input\":\"required name=search_term_string\"}],\"inLanguage\":\"en-US\"},{\"@type\":\"WebPage\",\"@id\":\"https:\/\/burmas.com.tr\/contact\/\",\"url\":\"https:\/\/burmas.com.tr\/contact\/\",\"name\":\"Contact - Burmas Construction Materials\",\"isPartOf\":{\"@id\":\"https:\/\/burmas.com.tr\/tr\/anasayfa\/#website\"},\"datePublished\":\"2021-04-16T06:24:17+00:00\",\"dateModified\":\"2021-04-23T07:00:34+00:00\",\"breadcrumb\":{\"@id\":\"https:\/\/burmas.com.tr\/contact\/#breadcrumb\"},\"inLanguage\":\"en-US\",\"potentialAction\":[{\"@type\":\"ReadAction\",\"target\":[\"https:\/\/burmas.com.tr\/contact\/\"]}]},{\"@type\":\"BreadcrumbList\",\"@id\":\"https:\/\/burmas.com.tr\/contact\/#breadcrumb\",\"itemListElement\":[{\"@type\":\"ListItem\",\"position\":1,\"name\":\"Home\",\"item\":\"https:\/\/burmas.com.tr\/\"},{\"@type\":\"ListItem\",\"position\":2,\"name\":\"Contact\"}]}]}<\/script>\n<!-- \/ Yoast SEO Premium plugin. -->","yoast_head_json":{"title":"Contact - Burmas Construction Materials","robots":{"index":"index","follow":"follow","max-snippet":"max-snippet:-1","max-image-preview":"max-image-preview:large","max-video-preview":"max-video-preview:-1"},"canonical":"https:\/\/burmas.com.tr\/en\/contact\/","og_locale":"en_US","og_type":"article","og_title":"Contact","og_url":"https:\/\/burmas.com.tr\/en\/contact\/","og_site_name":"Burmas Construction Materials","article_modified_time":"2021-04-23T07:00:34+00:00","og_image":[{"width":1712,"height":1150,"url":"https:\/\/burmas.com.tr\/wp-content\/uploads\/2020\/11\/logo-1.png","type":"image\/png"}],"twitter_card":"summary_large_image","twitter_misc":{"Est. reading time":"2 minutes"},"schema":{"@context":"https:\/\/schema.org","@graph":[{"@type":"Organization","@id":"https:\/\/burmas.com.tr\/tr\/anasayfa\/#organization","name":"Burmas Construction Materials","url":"https:\/\/burmas.com.tr\/tr\/anasayfa\/","sameAs":[],"logo":{"@type":"ImageObject","inLanguage":"en-US","@id":"https:\/\/burmas.com.tr\/tr\/anasayfa\/#\/schema\/logo\/image\/","url":"https:\/\/burmas.com.tr\/wp-content\/uploads\/2020\/11\/logo-1.png","contentUrl":"https:\/\/burmas.com.tr\/wp-content\/uploads\/2020\/11\/logo-1.png","width":1712,"height":1150,"caption":"Burmas Construction Materials"},"image":{"@id":"https:\/\/burmas.com.tr\/tr\/anasayfa\/#\/schema\/logo\/image\/"}},{"@type":"WebSite","@id":"https:\/\/burmas.com.tr\/tr\/anasayfa\/#website","url":"https:\/\/burmas.com.tr\/tr\/anasayfa\/","name":"Burmas Construction Materials","description":"","publisher":{"@id":"https:\/\/burmas.com.tr\/tr\/anasayfa\/#organization"},"potentialAction":[{"@type":"SearchAction","target":{"@type":"EntryPoint","urlTemplate":"https:\/\/burmas.com.tr\/tr\/anasayfa\/?s={search_term_string}"},"query-input":"required name=search_term_string"}],"inLanguage":"en-US"},{"@type":"WebPage","@id":"https:\/\/burmas.com.tr\/contact\/","url":"https:\/\/burmas.com.tr\/contact\/","name":"Contact - Burmas Construction Materials","isPartOf":{"@id":"https:\/\/burmas.com.tr\/tr\/anasayfa\/#website"},"datePublished":"2021-04-16T06:24:17+00:00","dateModified":"2021-04-23T07:00:34+00:00","breadcrumb":{"@id":"https:\/\/burmas.com.tr\/contact\/#breadcrumb"},"inLanguage":"en-US","potentialAction":[{"@type":"ReadAction","target":["https:\/\/burmas.com.tr\/contact\/"]}]},{"@type":"BreadcrumbList","@id":"https:\/\/burmas.com.tr\/contact\/#breadcrumb","itemListElement":[{"@type":"ListItem","position":1,"name":"Home","item":"https:\/\/burmas.com.tr\/"},{"@type":"ListItem","position":2,"name":"Contact"}]}]}},"lang":"en","translations":{"en":7930,"tr":5607},"_links":{"self":[{"href":"https:\/\/burmas.com.tr\/en\/wp-json\/wp\/v2\/pages\/7930"}],"collection":[{"href":"https:\/\/burmas.com.tr\/en\/wp-json\/wp\/v2\/pages"}],"about":[{"href":"https:\/\/burmas.com.tr\/en\/wp-json\/wp\/v2\/types\/page"}],"author":[{"embeddable":true,"href":"https:\/\/burmas.com.tr\/en\/wp-json\/wp\/v2\/users\/2"}],"replies":[{"embeddable":true,"href":"https:\/\/burmas.com.tr\/en\/wp-json\/wp\/v2\/comments?post=7930"}],"version-history":[{"count":0,"href":"https:\/\/burmas.com.tr\/en\/wp-json\/wp\/v2\/pages\/7930\/revisions"}],"wp:attachment":[{"href":"https:\/\/burmas.com.tr\/en\/wp-json\/wp\/v2\/media?parent=7930"}],"curies":[{"name":"wp","href":"https:\/\/api.w.org\/{rel}","templated":true}]}}